{"id":461,"date":"2020-11-17T20:40:51","date_gmt":"2020-11-17T19:40:51","guid":{"rendered":"http:\/\/www.anipa.cz\/?page_id=461"},"modified":"2020-11-17T20:41:28","modified_gmt":"2020-11-17T19:41:28","slug":"bezpecna-kancelar","status":"publish","type":"page","link":"https:\/\/www.anipa.cz\/?page_id=461","title":{"rendered":"Bezpe\u010dn\u00e1 kancel\u00e1\u0159"},"content":{"rendered":"\n<blockquote class=\"wp-block-quote\"><p>\u2026\u2026 nau\u010d\u00edm v\u00e1s z\u00e1klady bezpe\u010dn\u00e9ho pou\u017e\u00edvan\u00ed \u201eONLINE\u201c kancel\u00e1\u0159e u v\u00e1s ve firm\u011b.<\/p><\/blockquote>\n\n\n\n<p>Semin\u00e1\u0159 poskytuje z\u00e1kladn\u00ed teoretick\u00fd \u00favod problematiky cloudov\u00fdch \u0159e\u0161en\u00ed Microsoft Office 365 nebo G-Suite (dle po\u017eadavk\u016f \u00fa\u010dastn\u00edk\u016f) a jej\u00edho praktick\u00e9ho vyu\u017eit\u00ed ve firm\u011b. Sou\u010d\u00e1st\u00ed semin\u00e1\u0159e je i praktick\u00fd workshop zam\u011b\u0159en\u00ed na z\u00edsk\u00e1n\u00ed ICT dovednost\u00ed v dan\u00e9 oblasti. Zam\u011b\u0159\u00edme se na bezpe\u010dnost\u00ed prvky zabezpe\u010den\u00ed dat jako je \u0161ifrov\u00e1n\u00ed po\u0161ty a soubor\u016f. Vytvo\u0159\u00edme si siln\u00e9 heslo a ochan\u00edme va\u0161e mobiln\u00ed za\u0159\u00edzen\u00ed.<\/p>\n\n\n\n<p><strong>I. Teoretick\u00e1 \u010d\u00e1st: ( 2 hodiny)<\/strong><br>\u2022&nbsp;&nbsp; &nbsp;Sezn\u00e1men\u00edm se z\u00e1kladn\u00edm principem filozofie a p\u0159\u00ednosu cloudov\u00fdch slu\u017eeb (Sd\u00edlen\u00ed techniky, Sd\u00edlen\u00ed aplikace, Sd\u00edlen\u00ed dat, Sd\u00edlen\u00ed pomoci, Sd\u00edlen\u00ed n\u00e1klad\u016f).<br>\u2022&nbsp;&nbsp; &nbsp;Z\u00edsk\u00e1n\u00ed praktick\u00fdch zku\u0161enost\u00ed pro za\u010dle\u0148ov\u00e1n\u00ed cloudov\u00fdch slu\u017eeb chodu spole\u010dnosti.<br>\u2022&nbsp;&nbsp;&nbsp;&nbsp;<strong>\u0160ifrov\u00e1n\u00ed po\u0161ty a soubor\u016f<\/strong><br>\u2022&nbsp;&nbsp;&nbsp; Z\u00edsk\u00e1te&nbsp; p\u0159ehled o&nbsp;<strong>7 z\u00e1kladn\u00edch kroc\u00edch<\/strong>, jak se p\u0159ipravit na&nbsp;<strong>GDPR<\/strong>&nbsp;pomoc\u00ed cloudov\u00fdch syst\u00e9m\u016f.<\/p>\n\n\n\n<p><strong>II. Praktick\u00e1 \u010d\u00e1st (2 hodiny)<\/strong><br>\u2022&nbsp;&nbsp;&nbsp; Praktick\u00e9 uk\u00e1zky n\u00e1stroj\u016f vhodn\u00fdch pro pou\u017eit\u00ed ve firm\u011b z teoretick\u00e9 \u010d\u00e1sti.<br>\u2022&nbsp;&nbsp; &nbsp;Synchronizace kontakt\u016f, kalend\u00e1\u0159\u016f, po\u0161ty<br>\u2022&nbsp;&nbsp;&nbsp; Bezpe\u010dnost\u00ed software nen\u00ed jen antivirus !!!<br>\u2022&nbsp;&nbsp;&nbsp; Uk\u00e1\u017eeme si vhodn\u00e9 DLP n\u00e1stroje na ochranu firemn\u00edch dat \u2013 GDPR.<\/p>\n\n\n\n<p><strong>Cena kurzu: 900 K\u010d s DPH (9-14 hodin,&nbsp;obsahuje i malinkatou pauzu na sva\u010dinu a ostatn\u00ed pot\u0159eby).<br>M\u00edsto kon\u00e1n\u00ed: Komensk\u00e9ho n\u00e1m\u011bst\u00ed 454, Dob\u0159\u00ed\u0161.<\/strong><\/p>\n\n\n\n<h3>Nejbli\u017e\u0161\u00ed voln\u00e9 term\u00edny:&nbsp;16.2. 2018 a 23.2. 2018<\/h3>\n\n\n\n<h3><strong>REGISTRACE<\/strong>&nbsp;<a href=\"https:\/\/goo.gl\/forms\/1oZzDXYOyJKJeuqo1\" target=\"_blank\" rel=\"noreferrer noopener\">zde<\/a>.<\/h3>\n\n\n\n<p><\/p>\n","protected":false},"excerpt":{"rendered":"<p>\u2026\u2026 nau\u010d\u00edm v\u00e1s z\u00e1klady bezpe\u010dn\u00e9ho pou\u017e\u00edvan\u00ed \u201eONLINE\u201c kancel\u00e1\u0159e u v\u00e1s ve firm\u011b. Semin\u00e1\u0159 poskytuje z\u00e1kladn\u00ed teoretick\u00fd \u00favod problematiky cloudov\u00fdch \u0159e\u0161en\u00ed Microsoft Office 365 nebo G-Suite (dle po\u017eadavk\u016f \u00fa\u010dastn\u00edk\u016f) a jej\u00edho praktick\u00e9ho vyu\u017eit\u00ed ve firm\u011b. Sou\u010d\u00e1st\u00ed semin\u00e1\u0159e je i praktick\u00fd workshop&#8230; <\/p>\n","protected":false},"author":1,"featured_media":0,"parent":0,"menu_order":0,"comment_status":"closed","ping_status":"closed","template":"","meta":[],"_links":{"self":[{"href":"https:\/\/www.anipa.cz\/index.php?rest_route=\/wp\/v2\/pages\/461"}],"collection":[{"href":"https:\/\/www.anipa.cz\/index.php?rest_route=\/wp\/v2\/pages"}],"about":[{"href":"https:\/\/www.anipa.cz\/index.php?rest_route=\/wp\/v2\/types\/page"}],"author":[{"embeddable":true,"href":"https:\/\/www.anipa.cz\/index.php?rest_route=\/wp\/v2\/users\/1"}],"replies":[{"embeddable":true,"href":"https:\/\/www.anipa.cz\/index.php?rest_route=%2Fwp%2Fv2%2Fcomments&post=461"}],"version-history":[{"count":2,"href":"https:\/\/www.anipa.cz\/index.php?rest_route=\/wp\/v2\/pages\/461\/revisions"}],"predecessor-version":[{"id":463,"href":"https:\/\/www.anipa.cz\/index.php?rest_route=\/wp\/v2\/pages\/461\/revisions\/463"}],"wp:attachment":[{"href":"https:\/\/www.anipa.cz\/index.php?rest_route=%2Fwp%2Fv2%2Fmedia&parent=461"}],"curies":[{"name":"wp","href":"https:\/\/api.w.org\/{rel}","templated":true}]}}