{"id":222,"date":"2017-05-24T13:43:27","date_gmt":"2017-05-24T11:43:27","guid":{"rendered":"http:\/\/www.anipa.cz\/?page_id=222"},"modified":"2020-11-16T17:44:36","modified_gmt":"2020-11-16T16:44:36","slug":"terminy","status":"publish","type":"page","link":"https:\/\/www.anipa.cz\/?page_id=222","title":{"rendered":"Bezpe\u010dn\u00e1 kancel\u00e1\u0159"},"content":{"rendered":"<h1><strong>Bezpe\u010dn\u00e1 kancel\u00e1\u0159<\/strong><\/h1>\n<blockquote><p>&#8230;&#8230; nau\u010d\u00edm v\u00e1s z\u00e1klady bezpe\u010dn\u00e9ho pou\u017e\u00edvan\u00ed &#8222;ONLINE&#8220; kancel\u00e1\u0159e u v\u00e1s ve firm\u011b.<\/p><\/blockquote>\n<p>Semin\u00e1\u0159 poskytuje z\u00e1kladn\u00ed teoretick\u00fd \u00favod problematiky cloudov\u00fdch \u0159e\u0161en\u00ed Microsoft Office 365 nebo G-Suite (dle po\u017eadavk\u016f \u00fa\u010dastn\u00edk\u016f) a jej\u00edho praktick\u00e9ho vyu\u017eit\u00ed ve firm\u011b. Sou\u010d\u00e1st\u00ed semin\u00e1\u0159e je i praktick\u00fd workshop zam\u011b\u0159en\u00ed na z\u00edsk\u00e1n\u00ed ICT dovednost\u00ed v dan\u00e9 oblasti. Zam\u011b\u0159\u00edme se na bezpe\u010dnost\u00ed prvky zabezpe\u010den\u00ed dat jako je \u0161ifrov\u00e1n\u00ed po\u0161ty a soubor\u016f. Vytvo\u0159\u00edme si siln\u00e9 heslo a ochan\u00edme va\u0161e mobiln\u00ed za\u0159\u00edzen\u00ed.<\/p>\n<p><strong>I. Teoretick\u00e1 \u010d\u00e1st: ( 2 hodiny)<\/strong><br \/>\n\u2022\u00a0\u00a0 \u00a0Sezn\u00e1men\u00edm se z\u00e1kladn\u00edm principem filozofie a p\u0159\u00ednosu cloudov\u00fdch slu\u017eeb (Sd\u00edlen\u00ed techniky, Sd\u00edlen\u00ed aplikace, Sd\u00edlen\u00ed dat, Sd\u00edlen\u00ed pomoci, Sd\u00edlen\u00ed n\u00e1klad\u016f).<br \/>\n\u2022\u00a0\u00a0 \u00a0Z\u00edsk\u00e1n\u00ed praktick\u00fdch zku\u0161enost\u00ed pro za\u010dle\u0148ov\u00e1n\u00ed cloudov\u00fdch slu\u017eeb chodu spole\u010dnosti.<br \/>\n\u2022\u00a0\u00a0\u00a0 <strong>\u0160ifrov\u00e1n\u00ed po\u0161ty a soubor\u016f<\/strong><br \/>\n\u2022\u00a0\u00a0\u00a0 Z\u00edsk\u00e1te\u00a0 p\u0159ehled o <strong>7 z\u00e1kladn\u00edch kroc\u00edch<\/strong>, jak se p\u0159ipravit na <strong>GDPR<\/strong> pomoc\u00ed cloudov\u00fdch syst\u00e9m\u016f.<\/p>\n<p><strong>II. Praktick\u00e1 \u010d\u00e1st (2 hodiny)<\/strong><br \/>\n\u2022\u00a0\u00a0\u00a0 Praktick\u00e9 uk\u00e1zky n\u00e1stroj\u016f vhodn\u00fdch pro pou\u017eit\u00ed ve firm\u011b z teoretick\u00e9 \u010d\u00e1sti.<br \/>\n\u2022\u00a0\u00a0 \u00a0Synchronizace kontakt\u016f, kalend\u00e1\u0159\u016f, po\u0161ty<br \/>\n\u2022\u00a0\u00a0\u00a0 Bezpe\u010dnost\u00ed software nen\u00ed jen antivirus !!!<br \/>\n\u2022\u00a0\u00a0\u00a0 Uk\u00e1\u017eeme si vhodn\u00e9 DLP n\u00e1stroje na ochranu firemn\u00edch dat &#8211; GDPR.<\/p>\n<p><strong>Cena kurzu: 900 K\u010d s DPH (9-14 hodin,\u00a0obsahuje i malinkatou pauzu na sva\u010dinu a ostatn\u00ed pot\u0159eby).<br \/>\nM\u00edsto kon\u00e1n\u00ed: Komensk\u00e9ho n\u00e1m\u011bst\u00ed 454, Dob\u0159\u00ed\u0161.<\/strong><\/p>\n<h3><span style=\"color: #ff0000;\">Nejbli\u017e\u0161\u00ed voln\u00e9 term\u00edny: <\/span>16.2. 2018 a 23.2. 2018<\/h3>\n<h3><strong>REGISTRACE<\/strong> <a href=\"https:\/\/goo.gl\/forms\/1oZzDXYOyJKJeuqo1\" target=\"_blank\" rel=\"noopener noreferrer\">zde<\/a>.<\/h3>\n<hr \/>\n<h1><strong>Z\u00e1klady cloudov\u00fdch \u0159e\u0161en\u00ed ve firm\u00e1ch<\/strong><\/h1>\n<blockquote><p>&#8230;&#8230; nau\u010d\u00edm v\u00e1s, jak efektivn\u011b vyu\u017e\u00edvat cloud u v\u00e1s ve firm\u011b.<\/p><\/blockquote>\n<p>Semin\u00e1\u0159 poskytuje z\u00e1kladn\u00ed teoretick\u00fd \u00favod cloudov\u00fdch \u0159e\u0161en\u00ed Microsoft Office 365 nebo G-Suite (dle po\u017eadavk\u016f \u00fa\u010dastn\u00edk\u016f) a jej\u00edho praktick\u00e9ho vyu\u017eit\u00ed ve firm\u011b. Sou\u010d\u00e1st\u00ed semin\u00e1\u0159e je i praktick\u00fd workshop zam\u011b\u0159en\u00ed na z\u00edsk\u00e1n\u00ed ICT dovednost\u00ed v dan\u00e9 oblasti. Na \u00favodn\u00edm semin\u00e1\u0159i si uka\u017eeme i praktick\u00e9 propojen\u00ed na CRM syst\u00e9m Raynet, v\u010detn\u011b propojen\u00ed s n\u00e1stroji pro email marketing, nap\u0159\u00edklad s d\u016frazem na statistiky Google Analytics. Pozn\u00e1te s\u00edlu \u0161t\u00edtk\u016f.<\/p>\n<p><strong>I. Teoretick\u00e1 \u010d\u00e1st: ( 3 hodiny)<\/strong><br \/>\n\u2022\u00a0\u00a0 \u00a0Sezn\u00e1men\u00edm se z\u00e1kladn\u00edm principem filozofie a p\u0159\u00ednosu cloudov\u00fdch slu\u017eeb (Sd\u00edlen\u00ed techniky, Sd\u00edlen\u00ed aplikace, Sd\u00edlen\u00ed dat, Sd\u00edlen\u00ed pomoci, Sd\u00edlen\u00ed n\u00e1klad\u016f).<br \/>\n\u2022\u00a0\u00a0 \u00a0Z\u00edsk\u00e1n\u00ed praktick\u00fdch zku\u0161enost\u00ed pro za\u010dle\u0148ov\u00e1n\u00ed cloudov\u00fdch slu\u017eeb chodu spole\u010dnosti.<br \/>\n\u2022\u00a0\u00a0 \u00a0<strong>Microsoft Office 365<\/strong> &#8211; sezn\u00e1men\u00ed nejen s Outlookem, Kalend\u00e1\u0159em, OneDrive, ale i n\u00e1stroji jako Forms, Yammer, Skype pro firmy, Planner, Teams a SharePoint.<br \/>\n\u2022\u00a0\u00a0 \u00a0<strong>G Suite<\/strong> &#8211; sezn\u00e1men\u00ed nejen s Gmailem, Kalend\u00e1\u0159em, Google Diskem, ale i s n\u00e1stroji jako Google Keep, Formul\u00e1\u0159i, Hangouts, G+.<br \/>\n\u2022\u00a0\u00a0\u00a0 Z\u00edsk\u00e1te\u00a0 p\u0159ehled o 7 z\u00e1kladn\u00edch kroc\u00edch, jak se p\u0159ipravit na GDPR pomoc\u00ed cloudov\u00fdch syst\u00e9m\u016f.<\/p>\n<p><strong>II. Praktick\u00e1 \u010d\u00e1st (2 hodiny)<\/strong><br \/>\n\u2022\u00a0\u00a0 \u00a0Praktick\u00e9 procvi\u010dov\u00e1n\u00ed sd\u00edlen\u00ed dat, sd\u00edlen\u00ed aplikac\u00ed a techniky.<br \/>\n\u2022\u00a0\u00a0 \u00a0Praktick\u00e9 uk\u00e1zky n\u00e1stroj\u016f vhodn\u00fdch pro pou\u017eit\u00ed ve firm\u011b z teoretick\u00e9 \u010d\u00e1sti.<br \/>\n\u2022\u00a0\u00a0\u00a0 Uk\u00e1\u017eeme si praktick\u00e9 vyu\u017eit\u00ed propojen\u00ed se CRM syst\u00e9my a n\u00e1stroji pro email marketing.<br \/>\n\u2022\u00a0\u00a0\u00a0 Uk\u00e1\u017eeme si vhodn\u00e9 DLP n\u00e1stroje na ochranu firemn\u00edch dat &#8211; GDPR.<\/p>\n<p><strong>Cena kurzu: 1500 K\u010d s DPH (9-15 hodin, obsahuje pauzu na ob\u011bd).<br \/>\nM\u00edsto kon\u00e1n\u00ed: Komensk\u00e9ho n\u00e1m\u011bst\u00ed 454, Dob\u0159\u00ed\u0161.<\/strong><\/p>\n<h3><span style=\"color: #ff0000;\">Nejbli\u017e\u0161\u00ed voln\u00e9 term\u00edny: <\/span>8.02. 2018 a 2.3. 2018<\/h3>\n<h3><strong>REGISTRACE<\/strong> <a href=\"https:\/\/goo.gl\/forms\/7gqcb9PEeAmooTBf2\" target=\"_blank\" rel=\"noopener noreferrer\">zde<\/a>.<\/h3>\n<hr \/>\n<p>&nbsp;<\/p>\n","protected":false},"excerpt":{"rendered":"<p>Bezpe\u010dn\u00e1 kancel\u00e1\u0159 &#8230;&#8230; nau\u010d\u00edm v\u00e1s z\u00e1klady bezpe\u010dn\u00e9ho pou\u017e\u00edvan\u00ed &#8222;ONLINE&#8220; kancel\u00e1\u0159e u v\u00e1s ve firm\u011b. Semin\u00e1\u0159 poskytuje z\u00e1kladn\u00ed teoretick\u00fd \u00favod problematiky cloudov\u00fdch \u0159e\u0161en\u00ed Microsoft Office 365 nebo G-Suite (dle po\u017eadavk\u016f \u00fa\u010dastn\u00edk\u016f) a jej\u00edho praktick\u00e9ho vyu\u017eit\u00ed ve firm\u011b. Sou\u010d\u00e1st\u00ed semin\u00e1\u0159e je i&#8230; <\/p>\n","protected":false},"author":1,"featured_media":0,"parent":213,"menu_order":0,"comment_status":"closed","ping_status":"closed","template":"","meta":[],"_links":{"self":[{"href":"https:\/\/www.anipa.cz\/index.php?rest_route=\/wp\/v2\/pages\/222"}],"collection":[{"href":"https:\/\/www.anipa.cz\/index.php?rest_route=\/wp\/v2\/pages"}],"about":[{"href":"https:\/\/www.anipa.cz\/index.php?rest_route=\/wp\/v2\/types\/page"}],"author":[{"embeddable":true,"href":"https:\/\/www.anipa.cz\/index.php?rest_route=\/wp\/v2\/users\/1"}],"replies":[{"embeddable":true,"href":"https:\/\/www.anipa.cz\/index.php?rest_route=%2Fwp%2Fv2%2Fcomments&post=222"}],"version-history":[{"count":36,"href":"https:\/\/www.anipa.cz\/index.php?rest_route=\/wp\/v2\/pages\/222\/revisions"}],"predecessor-version":[{"id":409,"href":"https:\/\/www.anipa.cz\/index.php?rest_route=\/wp\/v2\/pages\/222\/revisions\/409"}],"up":[{"embeddable":true,"href":"https:\/\/www.anipa.cz\/index.php?rest_route=\/wp\/v2\/pages\/213"}],"wp:attachment":[{"href":"https:\/\/www.anipa.cz\/index.php?rest_route=%2Fwp%2Fv2%2Fmedia&parent=222"}],"curies":[{"name":"wp","href":"https:\/\/api.w.org\/{rel}","templated":true}]}}