{"id":2,"date":"2015-11-16T15:30:52","date_gmt":"2015-11-16T15:30:52","guid":{"rendered":"http:\/\/www.anipa.cz\/?page_id=2"},"modified":"2018-03-26T16:54:47","modified_gmt":"2018-03-26T14:54:47","slug":"zkusebni-stranka","status":"publish","type":"page","link":"https:\/\/www.anipa.cz\/?page_id=2","title":{"rendered":"Kalend\u00e1\u0159 akc\u00ed"},"content":{"rendered":"<p><strong>Prakticky o GDPR a cloudu v oblasti \u0161kolstv\u00ed.<\/strong><\/p>\n<p><a href=\"http:\/\/www.edutek.cz\/wp-content\/uploads\/2017\/11\/cldoskol.png\"><img loading=\"lazy\" class=\"alignnone wp-image-400\" src=\"http:\/\/www.edutek.cz\/wp-content\/uploads\/2017\/11\/cldoskol-300x100.png\" sizes=\"(max-width: 516px) 100vw, 516px\" srcset=\"http:\/\/www.edutek.cz\/wp-content\/uploads\/2017\/11\/cldoskol-300x100.png 300w, http:\/\/www.edutek.cz\/wp-content\/uploads\/2017\/11\/cldoskol.png 723w\" alt=\"\" width=\"516\" height=\"172\" \/><\/a><\/p>\n<p><span class=\"im\">V\u00e1\u017een\u00e9 d\u00e1my a p\u00e1nov\u00e9,<br \/>\ndovolte m\u011b v\u00e1s za spole\u010dnosti Anipa Trade Services s.r.o. a \u0160koln\u00edLogin.cz\u00a0pozvat na praktick\u00fd semin\u00e1\u0159 v\u011bnovan\u00fd cloudov\u00fdm technologi\u00edm a nov\u00e9 legislativ\u011b spojen\u00e9 s problematikou GDPR a jej\u00edho dopadu na \u0161kolstv\u00ed.<\/span><\/p>\n<p>Prakticky v\u00e1m p\u0159edstav\u00edme problematiku GDPR ve \u0161kolstv\u00ed, uk\u00e1\u017eeme si n\u011bkolik vzorov\u00fdch sc\u00e9n\u00e1\u0159\u016f.\u00a0\u00da\u010dast na semin\u00e1\u0159i je ZDARMA.<\/p>\n<h4><strong>M\u00edsta kon\u00e1n\u00ed:<\/strong><\/h4>\n<p>05.02.2018 &#8211; Liberec &#8211; Registrace a v\u00edce informac\u00ed\u00a0<a href=\"https:\/\/www.happenee.com\/events\/560_prakticky-o-gdpr-a-cloudu-v-oblasti-skolstvi_kopie_01142018_liberec\" target=\"_blank\" rel=\"noopener\">ZDE<br \/>\n<\/a>06.02.2018 &#8211; Praha &#8211; Registrace a v\u00edce informac\u00ed <a href=\"https:\/\/www.happenee.com\/events\/prahaunor\" target=\"_blank\" rel=\"noopener\">ZDE<\/a>.<br \/>\n19.02.2018 &#8211; Jihlava &#8211; Registrace a v\u00edce informac\u00ed <a href=\"https:\/\/www.happenee.com\/events\/561_prakticky-o-gdpr-a-cloudu-v-oblasti-skolstvi_kopie_01142018_jihlava\" target=\"_blank\" rel=\"noopener\">ZDE<\/a>.<\/p>\n<h4><strong>Program:<\/strong><\/h4>\n<ul>\n<li>GDPR \u2013 nov\u00e9 na\u0159\u00edzen\u00ed o ochran\u011b osobn\u00edch \u00fadaj\u016f<\/li>\n<li>Dopad GDPR do personalistiky \u2013 jak nov\u011b zach\u00e1zet s osobn\u00edmi daty zam\u011bstnanc\u016f<\/li>\n<li>Bezpe\u010dnostn\u00ed n\u00e1stroje Microsoft Office 365<\/li>\n<li>Jednotn\u00e1 identita a ulo\u017ei\u0161t\u011b \u2013 \u0160koln\u00edLogin.cz a \u201eDigit\u00e1ln\u00ed sborovna\u201c<\/li>\n<li>Vhodn\u00e9 licencov\u00e1n\u00ed ve \u0161kol\u00e1ch, sc\u00e9n\u00e1\u0159e<\/li>\n<li>Kyberbezpe\u010dnost<\/li>\n<\/ul>\n<p>&nbsp;<\/p>\n<p><strong>T\u011b\u0161\u00edme se na setk\u00e1n\u00ed s v\u00e1mi.\u00a0<\/strong><\/p>\n<p>Za Cloud do \u0161kol<\/p>\n<p><a href=\"http:\/\/www.edutek.cz\/wp-content\/uploads\/2017\/01\/clouddoskol_II.png\"><img loading=\"lazy\" class=\"alignnone wp-image-9\" src=\"http:\/\/www.edutek.cz\/wp-content\/uploads\/2017\/01\/clouddoskol_II.png\" alt=\"\" width=\"158\" height=\"43\" \/><\/a><\/p>\n<p><strong>Radek \u0160vehla<\/strong><\/p>\n<hr \/>\n<article id=\"post-399\" class=\"post-399 post type-post status-publish format-standard has-post-thumbnail hentry category-nezarazene\">\n<div class=\"entry-content\">\n<p>&nbsp;<\/p>\n<p><strong>Prakticky o GDPR a cloudu v oblasti \u0161kolstv\u00ed.<\/strong><\/p>\n<p>&nbsp;<\/p>\n<p><a href=\"http:\/\/www.edutek.cz\/wp-content\/uploads\/2017\/11\/cldoskol.png\"><img loading=\"lazy\" class=\"alignnone wp-image-400\" src=\"http:\/\/www.edutek.cz\/wp-content\/uploads\/2017\/11\/cldoskol-300x100.png\" sizes=\"(max-width: 516px) 100vw, 516px\" srcset=\"http:\/\/www.edutek.cz\/wp-content\/uploads\/2017\/11\/cldoskol-300x100.png 300w, http:\/\/www.edutek.cz\/wp-content\/uploads\/2017\/11\/cldoskol.png 723w\" alt=\"\" width=\"516\" height=\"172\" \/><\/a><\/p>\n<p><span class=\"im\">V\u00e1\u017een\u00e9 d\u00e1my a p\u00e1nov\u00e9,<br \/>\ndovolte m\u011b v\u00e1s za spole\u010dnosti Anipa Trade Services s.r.o., SoftwareONE Czech Republic s.r.o. a \u0160koln\u00edLogin.cz\u00a0pozvat na praktick\u00fd semin\u00e1\u0159 v\u011bnovan\u00fd cloudov\u00fdm technologi\u00edm a nov\u00e9 legislativ\u011b spojen\u00e9 s problematikou GDPR a jej\u00edho dopadu na \u0161kolstv\u00ed.<\/span><\/p>\n<p>Prakticky v\u00e1m p\u0159edstav\u00edme problematiku GDPR ve \u0161kolstv\u00ed, uk\u00e1\u017eeme si n\u011bkolik vzorov\u00fdch sc\u00e9n\u00e1\u0159\u016f.\u00a0\u00da\u010dast na semin\u00e1\u0159i je ZDARMA, v\u010detn\u011b ob\u010derstven\u00ed.<\/p>\n<h4><strong>M\u00edsta kon\u00e1n\u00ed:<\/strong><\/h4>\n<table style=\"height: 126px;\" width=\"711\">\n<tbody>\n<tr>\n<td width=\"227\">13.11.2017<\/td>\n<td width=\"227\">T\u0159eb\u00ed\u010d<\/td>\n<td width=\"454\">Registrace a v\u00edce informac\u00ed\u00a0<a href=\"http:\/\/anipa.onquanda.com\/newsletter\/9e3a013067c06c411b8a210c0a145d11b4b55aec99eeb9439e5bc9b7d6022bc0\/\">ZDE<\/a><\/td>\n<\/tr>\n<tr>\n<td width=\"227\">14.11.2017<\/td>\n<td width=\"227\">Vset\u00edn<\/td>\n<td width=\"454\">Registrace a v\u00edce informac\u00ed\u00a0<a href=\"http:\/\/anipa.onquanda.com\/newsletter\/cef4013b6a903c45148a0b070a1d7da6b4135aeb982eb543995149b7d62aeb80\/\">ZDE<\/a><\/td>\n<\/tr>\n<tr>\n<td width=\"227\">21.11.2017<\/td>\n<td width=\"227\">P\u00edsek<\/td>\n<td width=\"454\">Registrace a v\u00edce informac\u00ed\u00a0<a href=\"https:\/\/www.happenist.com\/events\/pisek\" target=\"_blank\" rel=\"noopener\">ZDE<\/a><\/td>\n<\/tr>\n<tr>\n<td width=\"227\">24.11.2017<\/td>\n<td width=\"227\">Sokolov<\/td>\n<td width=\"454\">Registrace a v\u00edce informac\u00ed\u00a0<a href=\"https:\/\/www.happenist.com\/events\/sokolov\" target=\"_blank\" rel=\"noopener\">ZDE<\/a><\/td>\n<\/tr>\n<tr>\n<td width=\"227\">\u00a01.12.2017<\/td>\n<td width=\"227\">Olomouc<\/td>\n<td width=\"454\">Registrace a v\u00edce informac\u00ed\u00a0<a href=\"https:\/\/www.happenist.com\/events\/olomouc\" target=\"_blank\" rel=\"noopener\">ZDE<\/a><\/td>\n<\/tr>\n<tr>\n<td width=\"227\">\u00a06.12.2017<\/td>\n<td width=\"227\">P\u0159\u00edbram<\/td>\n<td width=\"454\">\u00a0Registrace a v\u00edce informac\u00ed\u00a0<a href=\"https:\/\/www.happenist.com\/events\/pribram\" target=\"_blank\" rel=\"noopener\">ZDE<\/a><\/td>\n<\/tr>\n<tr>\n<td width=\"227\">\u00a07.12.2017<\/td>\n<td width=\"227\">Praha<\/td>\n<td width=\"454\">Registrace a v\u00edce informac\u00ed\u00a0<a href=\"https:\/\/www.happenist.com\/events\/praha\" target=\"_blank\" rel=\"noopener\">ZDE<\/a><\/td>\n<\/tr>\n<tr>\n<td width=\"227\">11.12.2017<\/td>\n<td width=\"227\">Most<\/td>\n<td width=\"454\">Registrace a v\u00edce informac\u00ed\u00a0<a href=\"https:\/\/www.happenist.com\/events\/most\" target=\"_blank\" rel=\"noopener\">ZDE<\/a><\/td>\n<\/tr>\n<\/tbody>\n<\/table>\n<h4><strong>Program:<\/strong><\/h4>\n<ul>\n<li>GDPR \u2013 nov\u00e9 na\u0159\u00edzen\u00ed o ochran\u011b osobn\u00edch \u00fadaj\u016f<\/li>\n<li>Dopad GDPR do personalistiky \u2013 jak nov\u011b zach\u00e1zet s osobn\u00edmi daty zam\u011bstnanc\u016f<\/li>\n<li>Jak zvl\u00e1dnout GDPR d\u00edky Microsoft Office 365<\/li>\n<li>Jednotn\u00e1 identita a ulo\u017ei\u0161t\u011b \u2013 \u0160koln\u00edLogin.cz a \u201eDigit\u00e1ln\u00ed sborovna\u201c<\/li>\n<li>Vhodn\u00e9 licencov\u00e1n\u00ed ve \u0161kol\u00e1ch<\/li>\n<li>Kyberbezpe\u010dnost<\/li>\n<\/ul>\n<p><strong>T\u011b\u0161\u00edme se na setk\u00e1n\u00ed s v\u00e1mi.\u00a0<\/strong><\/p>\n<p>Za Cloud do \u0161kol<\/p>\n<p><a href=\"http:\/\/www.edutek.cz\/wp-content\/uploads\/2017\/01\/clouddoskol_II.png\"><img loading=\"lazy\" class=\"alignnone wp-image-9\" src=\"http:\/\/www.edutek.cz\/wp-content\/uploads\/2017\/01\/clouddoskol_II.png\" alt=\"\" width=\"158\" height=\"43\" \/><\/a><\/p>\n<p><strong>Radek \u0160vehla<\/strong><\/p>\n<p><a href=\"http:\/\/www.edutek.cz\/wp-content\/uploads\/2017\/11\/jirka_edutek.png\"><img loading=\"lazy\" class=\"alignnone wp-image-410 \" src=\"http:\/\/www.edutek.cz\/wp-content\/uploads\/2017\/11\/jirka_edutek.png\" sizes=\"(max-width: 1170px) 100vw, 1170px\" srcset=\"http:\/\/www.edutek.cz\/wp-content\/uploads\/2017\/11\/jirka_edutek.png 1170w, http:\/\/www.edutek.cz\/wp-content\/uploads\/2017\/11\/jirka_edutek-300x31.png 300w, http:\/\/www.edutek.cz\/wp-content\/uploads\/2017\/11\/jirka_edutek-768x79.png 768w, http:\/\/www.edutek.cz\/wp-content\/uploads\/2017\/11\/jirka_edutek-1024x105.png 1024w\" alt=\"\" width=\"576\" height=\"59\" \/><\/a><\/p>\n<hr \/>\n<\/div>\n<\/article>\n<p><a href=\"http:\/\/www.briantracy2018.cz\/\"><strong>Brian Tracy 2018-\u00a0Maximum Achievement 2.0 <\/strong><\/a><\/p>\n<p>V\u00edte, \u017ee celosv\u011btov\u00e1 jedni\u010dka v oblasti dosahov\u00e1n\u00ed \u00fasp\u011bchu a psychol\u00f3gie prodeje, Brian Tracy, p\u0159ijede 8.2.2018 p\u0159edn\u00e1\u0161et do Prahy?<\/p>\n<blockquote><p><strong>&gt;&gt;&gt; Maximum Achievement 2.0 (Maxim\u00e1lny v\u00fdsledok 2.0)<br \/>\n<\/strong><\/p>\n<p>Legend\u00e1rn\u00ed semin\u00e1\u0159 s jedn\u00edm z TOP nejv\u011bt\u0161\u00edch odborn\u00edk\u016f na sv\u011bt\u011b na \u00fasp\u011bch a business rozvoj.<\/p>\n<p>Toto je va\u0161e jedine\u010dn\u00e1 p\u0159\u00edle\u017eitos\u0165 u\u010di\u0165 se od nejlep\u0161\u00edch.<\/p>\n<p><a href=\"http:\/\/www.briantracy.sk\/cz?a_box=m4j5gbtn\" target=\"_blank\" rel=\"noopener noreferrer\">www.briantracy2018.cz<\/a><\/p><\/blockquote>\n<p><a href=\"http:\/\/www.anipa.cz\/wp-content\/uploads\/2017\/09\/info2-cz.png\"><img loading=\"lazy\" class=\"alignnone wp-image-311\" src=\"http:\/\/www.anipa.cz\/wp-content\/uploads\/2017\/09\/info2-cz.png\" alt=\"\" width=\"305\" height=\"177\" srcset=\"https:\/\/www.anipa.cz\/wp-content\/uploads\/2017\/09\/info2-cz.png 950w, https:\/\/www.anipa.cz\/wp-content\/uploads\/2017\/09\/info2-cz-300x174.png 300w, https:\/\/www.anipa.cz\/wp-content\/uploads\/2017\/09\/info2-cz-768x445.png 768w\" sizes=\"(max-width: 305px) 100vw, 305px\" \/><\/a><\/p>\n<hr \/>\n<p><strong>eduKonference.cz<\/strong><\/p>\n<blockquote><p><strong>CO \u00da\u010cAST\u00cd NA KONFERENCI Z\u00cdSK\u00c1TE?<\/strong><br \/>\nInformace, doporu\u010den\u00ed a zku\u0161enosti ze souvisej\u00edc\u00edch oblast\u00ed financov\u00e1n\u00ed<br \/>\na rozvoje kompetenc\u00ed pedagog\u016f, materi\u00e1ln\u00edho vybaven\u00ed \u0161kol v podob\u011b u\u010deben fyziky, chemie, robotiky, 3D, pr\u016fmyslov\u00e9 automatizacei a virtu\u00e1ln\u00ed reality. Sezn\u00e1m\u00edte se i s bezpe\u010dnou ICT infrastr\u016fkturou:<br \/>\nPraha &#8211; 17.9.2016, Hradec Kr\u00e1lov\u00e9 &#8211; 11.10. 2016, \u00dast\u00ed nad Labem &#8211; 12.10.2016, Karlovy Vary &#8211; 13.10.2016, Brno 18.10. 2016, Ostrava &#8211; 19.10.2016<br \/>\n<a href=\"http:\/\/www.eduKonference.cz\" target=\"_blank\" rel=\"noopener noreferrer\">www.eduKonference.cz<\/a><\/p><\/blockquote>\n<p><a href=\"http:\/\/www.anipa.cz\/wp-content\/uploads\/2015\/11\/3-2-1.png\"><img loading=\"lazy\" class=\"alignnone size-medium wp-image-136\" src=\"http:\/\/www.anipa.cz\/wp-content\/uploads\/2015\/11\/3-2-1-300x200.png\" alt=\"3-2-1\" width=\"300\" height=\"200\" srcset=\"https:\/\/www.anipa.cz\/wp-content\/uploads\/2015\/11\/3-2-1-300x200.png 300w, https:\/\/www.anipa.cz\/wp-content\/uploads\/2015\/11\/3-2-1.png 615w\" sizes=\"(max-width: 300px) 100vw, 300px\" \/><\/a><\/p>\n<p><strong>Lenovo K12 Partners Days &#8211; 12.09. 2016<br \/>\n<\/strong><\/p>\n<p><img loading=\"lazy\" class=\"spotlight\" src=\"https:\/\/scontent-frt3-1.xx.fbcdn.net\/v\/t1.0-9\/14330036_1311314448909010_1215831132693733215_n.jpg?oh=861772ca6c7e2825d9f99f594e7002e4&amp;oe=587F3EC0\" alt=\"\" width=\"231\" height=\"173\" \/> <img loading=\"lazy\" class=\"spotlight\" src=\"https:\/\/scontent-frt3-1.xx.fbcdn.net\/v\/t1.0-9\/14332949_1311267058913749_8345752228679239952_n.jpg?oh=308351e2eb55dc0a6ab0f280b816ef53&amp;oe=587B6D42\" alt=\"\" width=\"231\" height=\"174\" \/> <img loading=\"lazy\" class=\"spotlight\" src=\"https:\/\/scontent-frt3-1.xx.fbcdn.net\/v\/t1.0-9\/14355119_1311267112247077_1525486922354578551_n.jpg?oh=4b52cb8a8d4ced77312ab43b6de08165&amp;oe=5885546C\" alt=\"\" width=\"230\" height=\"173\" \/>\u00a0<img loading=\"lazy\" class=\"spotlight\" src=\"https:\/\/scontent-frt3-1.xx.fbcdn.net\/v\/t1.0-9\/14291845_1311365622237226_4630894027898965248_n.jpg?oh=98e05e60f8c4793c9d372519d68b77d5&amp;oe=5881DBBE\" alt=\"\" width=\"232\" height=\"174\" \/><\/p>\n<hr \/>\n<p><strong>KyberFEST<\/strong><\/p>\n<blockquote><p>Nebu\u010f nah\u00e1\u010d na internetu, Ovl\u00e1dni sv\u016fj mobil nebo Jak b\u00fdt hv\u011bzdou na internetu \u2013 to je jen mal\u00fd v\u00fd\u010det semin\u00e1\u0159\u016f a p\u0159edn\u00e1\u0161ek, kter\u00e9 budou prov\u00e1zet multi\u017e\u00e1nrov\u00fd festival KyberFEST zam\u011b\u0159en\u00fd na bezpe\u010dnost d\u011bt\u00ed na internetu, kter\u00fd tento p\u00e1tek a sobotu 20. a 21. listopadu 2015 po\u0159\u00e1daj\u00ed v M\u011bstsk\u00e9 knihovn\u011b v Praze N\u00e1rodn\u00ed centrum bezpe\u010dn\u011bj\u0161\u00edho internetu a Magistr\u00e1t hlavn\u00edho m\u011bsta Prahy.<\/p><\/blockquote>\n<hr \/>\n<p><strong>Lenovo K12 Partners Days &#8211; 21.6.2016<br \/>\n<\/strong><\/p>\n<p><a href=\"http:\/\/www.anipa.cz\/wp-content\/uploads\/2015\/11\/K12.png\"><img loading=\"lazy\" class=\"alignnone size-medium wp-image-87\" src=\"http:\/\/www.anipa.cz\/wp-content\/uploads\/2015\/11\/K12-300x139.png\" alt=\"K12\" width=\"300\" height=\"139\" srcset=\"https:\/\/www.anipa.cz\/wp-content\/uploads\/2015\/11\/K12-300x139.png 300w, https:\/\/www.anipa.cz\/wp-content\/uploads\/2015\/11\/K12-1024x476.png 1024w, https:\/\/www.anipa.cz\/wp-content\/uploads\/2015\/11\/K12.png 1904w\" sizes=\"(max-width: 300px) 100vw, 300px\" \/><\/a><\/p>\n<blockquote><p><strong>Zaj\u00edmaj\u00ed v\u00e1s novinky a technologie, kter\u00e9 mohou zp\u0159\u00edjemnit a zjednodu\u0161it v\u00fduku ve \u0161kol\u00e1ch?<\/strong><\/p>\n<p>Spole\u010dnost Lenovo s dal\u0161\u00edmi partnery po\u0159\u00e1d\u00e1 prvn\u00ed setk\u00e1n\u00ed z \u0159ady technologick\u00fdch semin\u00e1\u0159\u016f pro autorizovan\u00e9 partnery v oblasti \u0161kolstv\u00ed.<\/p>\n<p><strong>CO SE NAU\u010c\u00cdTE A Z\u00cdSK\u00c1TE:<\/strong><br \/>\n&#8211; z\u00edsk\u00e1te p\u0159ehled o p\u0159\u00edle\u017eitostech OP VVV a iROP<br \/>\n&#8211; sezn\u00e1m\u00edte se s technologick\u00fdmi pom\u016fckami, kter\u00e9 mohou \u0161koly pou\u017e\u00edvat k \u0159\u00edzen\u00ed provozu \u0161koly i samostatn\u00fdch projekt\u016f<br \/>\n&#8211; sezn\u00e1m\u00edte se v\u00fdukov\u00fdmi n\u00e1stroji, kter\u00e9 \u0161koly aktu\u00e1ln\u011b pou\u017e\u00edvaj\u00ed<br \/>\n&#8211; nau\u010d\u00edte se naprogramovat svou prvn\u00ed hru<\/p>\n<p><strong>PRO\u010c JE DOBR\u00c9 SE Z\u00da\u010cASTNIT:<\/strong><br \/>\n&#8211; z\u00edsk\u00e1te znalost aktu\u00e1ln\u00edch pot\u0159eb \u0161kol = usp\u011bt<\/p><\/blockquote>\n","protected":false},"excerpt":{"rendered":"<p>Prakticky o GDPR a cloudu v oblasti \u0161kolstv\u00ed. V\u00e1\u017een\u00e9 d\u00e1my a p\u00e1nov\u00e9, dovolte m\u011b v\u00e1s za spole\u010dnosti Anipa Trade Services s.r.o. a \u0160koln\u00edLogin.cz\u00a0pozvat na praktick\u00fd semin\u00e1\u0159 v\u011bnovan\u00fd cloudov\u00fdm technologi\u00edm a nov\u00e9 legislativ\u011b spojen\u00e9 s problematikou GDPR a jej\u00edho dopadu na&#8230; <\/p>\n","protected":false},"author":1,"featured_media":0,"parent":21,"menu_order":2,"comment_status":"open","ping_status":"open","template":"","meta":[],"_links":{"self":[{"href":"https:\/\/www.anipa.cz\/index.php?rest_route=\/wp\/v2\/pages\/2"}],"collection":[{"href":"https:\/\/www.anipa.cz\/index.php?rest_route=\/wp\/v2\/pages"}],"about":[{"href":"https:\/\/www.anipa.cz\/index.php?rest_route=\/wp\/v2\/types\/page"}],"author":[{"embeddable":true,"href":"https:\/\/www.anipa.cz\/index.php?rest_route=\/wp\/v2\/users\/1"}],"replies":[{"embeddable":true,"href":"https:\/\/www.anipa.cz\/index.php?rest_route=%2Fwp%2Fv2%2Fcomments&post=2"}],"version-history":[{"count":28,"href":"https:\/\/www.anipa.cz\/index.php?rest_route=\/wp\/v2\/pages\/2\/revisions"}],"predecessor-version":[{"id":385,"href":"https:\/\/www.anipa.cz\/index.php?rest_route=\/wp\/v2\/pages\/2\/revisions\/385"}],"up":[{"embeddable":true,"href":"https:\/\/www.anipa.cz\/index.php?rest_route=\/wp\/v2\/pages\/21"}],"wp:attachment":[{"href":"https:\/\/www.anipa.cz\/index.php?rest_route=%2Fwp%2Fv2%2Fmedia&parent=2"}],"curies":[{"name":"wp","href":"https:\/\/api.w.org\/{rel}","templated":true}]}}